{"id":13973,"date":"2023-03-05T04:51:00","date_gmt":"2023-03-05T01:51:00","guid":{"rendered":"https:\/\/magnezyumanot.com\/water-heater-boiler-tank-anodes\/"},"modified":"2023-03-13T10:00:54","modified_gmt":"2023-03-13T07:00:54","slug":"water-heater-boiler-tank-anodes","status":"publish","type":"page","link":"https:\/\/magnezyumanot.com\/en\/water-heater-boiler-tank-anodes\/","title":{"rendered":"Water Heater, Boiler, Tank Anodes"},"content":{"rendered":"<section class=\"wpb-content-wrapper\">[vc_section full_width=&#8221;stretch_row&#8221; pix_over_visibility=&#8221;&#8221; top_divider_select=&#8221;24&#8243; top_layers=&#8221;2&#8243; t_2_is_gradient=&#8221;true&#8221; t_2_color_2=&#8221;#e9ecef&#8221; t_2_animation=&#8221;fade-in-up&#8221; b_custom_height=&#8221;500px&#8221; t_2_delay=&#8221;300&#8243;][vc_row pix_particles_check=&#8221;&#8221; css=&#8221;.vc_custom_1677979950233{padding-top: 20px !important;}&#8221;][vc_column content_align=&#8221;text-center&#8221;]<h5 class=\"pix-badge-element d-inline-block mr-1 animate-in\" data-anim-type=\"fade-in-up\" data-anim-delay=\"0\"><span class=\"badge font-weight-bold secondary-font bg-dark-opacity-1  vc_custom_1677980657629  \" style=\" \"><span class=\"text-heading-default\" style=\"\">Products<\/span><\/span><\/h5><div id=\"sliding-text-181965416\" class=\"mb-3 text-center  vc_custom_1678400138161\"><h3 class=\"mb-32 pix-sliding-headline-2 animate-in font-weight-bold secondary-font \" data-anim-type=\"pix-sliding-text\" pix-anim-delay=\"500\" data-class=\"secondary-font text-primary\" style=\"\"><span class=\"slide-in-container \"><span class=\"pix-sliding-item secondary-font text-primary\" style=\"transition-delay: 0ms;\">Water&#32;<\/span><\/span> <span class=\"slide-in-container \"><span class=\"pix-sliding-item secondary-font text-primary\" style=\"transition-delay: 150ms;\">Heater,&#32;<\/span><\/span> <span class=\"slide-in-container \"><span class=\"pix-sliding-item secondary-font text-primary\" style=\"transition-delay: 300ms;\">Boiler,&#32;<\/span><\/span> <span class=\"slide-in-container \"><span class=\"pix-sliding-item secondary-font text-primary\" style=\"transition-delay: 450ms;\">Tank&#32;<\/span><\/span> <span class=\"slide-in-container \"><span class=\"pix-sliding-item secondary-font text-primary\" style=\"transition-delay: 600ms;\">Anodes&#32;<\/span><\/span> <\/h3><\/div><div class=\"pix-el-text w-100 text-center \" ><p class=\"text-18  text-body-default text-center \" ><span class=\"text-body-default animate-in d-inline-block\" data-anim-delay=\"200\" data-anim-type=\"fade-in-up\">In water heaters, boilers and solar energy systems, the dimensions of boiler and shape of the heater requires production of special type magnesium anode. Besides defined standard measurements, production of magnesium anodes with special sizes and special fasteners is done by YILDIRIM D\u00d6K\u00dcM. <\/span><\/p><\/div>[\/vc_column][\/vc_row][vc_row pix_particles_check=&#8221;&#8221; css=&#8221;.vc_custom_1677980082264{padding-top: 25px !important;padding-bottom: 20px !important;}&#8221;][vc_column css=&#8221;.vc_custom_1580913185779{padding-top: 20px !important;padding-bottom: 20px !important;}&#8221;]<div class=\"card  overflow-hidden row no-gutters flex-column flex-md-row flex-md-row-reverse   vc_custom_1677977214955 shadow-lg  animate-in \" data-anim-delay=\"0\" data-anim-type=\"fade-in-up\"><div class=\"flex-column d-inline-flex position-relative col-md-6\"><img class=\"pix-lazy card-img pix-fit-cover rounded-0 flex-grow-1 h-100\" src=\"https:\/\/magnezyumanot.com\/wp-content\/plugins\/pixfort-core\/functions\/images\/loading.webp\" data-srcset=\"https:\/\/magnezyumanot.com\/wp-content\/uploads\/2023\/03\/magnezyum-anot-7-223x300.jpg 223w, https:\/\/magnezyumanot.com\/wp-content\/uploads\/2023\/03\/magnezyum-anot-7.jpg 700w\" data-src=\"https:\/\/magnezyumanot.com\/wp-content\/uploads\/2023\/03\/magnezyum-anot-7.jpg\" loading=\"lazy\" alt=\"\" \/><\/div><div class=\"card-body d-flex2 align-content-between flex-wrap col-md-6 p-lg-5 p-md-5 p-4 \">[vc_column_text]Magnesium anodes used for water heater, boiler and solar energy system are manufactured as \u00d8 18mm, \u00d8 20 mm, \u00d8 22 mm, \u00d8 26 mm, \u00d8 33 mm. designed fasteners are needed.\r\n\r\nThe production and use of Magnesium Anode is a completely engineering subject. Magnesium anodes; Due to the structural effects of alloying elements, frequent control and spectrographic analyzes are required for each melt. With the modern XRF spectrometer, it provides fast and accurate chemical composition control of the liquid metal before casting.\r\n\r\nChemical composition and dispersion are important parameters affecting the anode performance. How much impurity is also in each melt should be measured. In order to meet the anode alloy, it is necessary to use a high grade primary (pure) metal.\r\n\r\nY\u0131ld\u0131r\u0131m D\u00f6k\u00fcm, which meets its raw material (magnesium ingot) need with imports abroad, has based on the principle of continuity in quality by making raw material analyzes in each batch of production. Y\u0131ld\u0131r\u0131m D\u00f6k\u00fcm ve Anot Sanayi, which is the supplier of strong and well-known brands in the sector, has become the reason of preference of companies with its high and standard quality understanding.[\/vc_column_text]<\/div><\/div>\n[\/vc_column][\/vc_row][vc_row equal_height=&#8221;yes&#8221; pix_particles_check=&#8221;&#8221; pix_visibility=&#8221;1&#8243; css=&#8221;.vc_custom_1677981322304{padding-top: 20px !important;padding-bottom: 100px !important;}&#8221;][vc_column width=&#8221;1\/2&#8243;]<div class=\"pix-photo-stack pix-img-n  vc_custom_1678400096088\"><div class=\"img-el\" ><div class=\"w-100 pix-bounce-sm pix-duration-slow\"><div class=\"animate-in d-inline-block w-100\" data-anim-type=\"fade-in-up\" data-anim-delay=\"0\"><div class=\"tilt\"><img width=\"378\" height=\"455\" class=\"pix-lazy rounded-lg shadow-lg shadow-hover-lg fly-sm d-inline-block\" loading=\"lazy\" data-srcset=\"https:\/\/magnezyumanot.com\/wp-content\/uploads\/2023\/03\/magnezyum-anot-5-2-249x300.jpg 249w, https:\/\/magnezyumanot.com\/wp-content\/uploads\/2023\/03\/magnezyum-anot-5-2.jpg 378w\" src=\"https:\/\/magnezyumanot.com\/wp-content\/plugins\/pixfort-core\/functions\/images\/loading.webp\" data-src=\"https:\/\/magnezyumanot.com\/wp-content\/uploads\/2023\/03\/magnezyum-anot-5-2.jpg\" alt=\"\" \/><\/div><\/div><\/div><\/div><div class=\"img-el\" ><div class=\"w-100 pix-bounce-sm pix-duration-slow\"><div class=\"animate-in d-inline-block w-100\" data-anim-type=\"fade-in-up\" data-anim-delay=\"100\"><div class=\"tilt\"><img width=\"400\" height=\"400\" class=\"pix-lazy rounded-lg shadow-lg shadow-hover-lg fly-sm d-inline-block\" loading=\"lazy\" data-srcset=\"https:\/\/magnezyumanot.com\/wp-content\/uploads\/2023\/03\/magnezyum-anot-4-1-2-300x300.jpg 300w, https:\/\/magnezyumanot.com\/wp-content\/uploads\/2023\/03\/magnezyum-anot-4-1-2-150x150.jpg 150w, https:\/\/magnezyumanot.com\/wp-content\/uploads\/2023\/03\/magnezyum-anot-4-1-2.jpg 400w, https:\/\/magnezyumanot.com\/wp-content\/uploads\/2023\/03\/magnezyum-anot-4-1-2-75x75.jpg 75w\" src=\"https:\/\/magnezyumanot.com\/wp-content\/plugins\/pixfort-core\/functions\/images\/loading.webp\" data-src=\"https:\/\/magnezyumanot.com\/wp-content\/uploads\/2023\/03\/magnezyum-anot-4-1-2.jpg\" alt=\"\" \/><\/div><\/div><\/div><\/div><div class=\"img-el\" ><div class=\"w-100 pix-bounce-sm pix-duration-slow\"><div class=\"animate-in d-inline-block w-100\" data-anim-type=\"fade-in-up\" data-anim-delay=\"200\"><div class=\"tilt\"><img   class=\"pix-lazy rounded-lg shadow-lg shadow-hover-lg fly-sm d-inline-block\" loading=\"lazy\" data-srcset=\"\" src=\"https:\/\/magnezyumanot.com\/wp-content\/plugins\/pixfort-core\/functions\/images\/loading.webp\" data-src=\"https:\/\/magnezyumanot.com\/wp-content\/uploads\/2023\/03\/magnezyum-anot-4-1-2.jpg\" alt=\"\" \/><\/div><\/div><\/div><\/div><\/div>[\/vc_column][vc_column width=&#8221;1\/2&#8243;]<div class=\"pix-photo-stack pix-img-2  vc_custom_1678400104990\"><div class=\"img-el\" ><div class=\"w-100 pix-bounce-sm pix-duration-slow\"><div class=\"animate-in d-inline-block w-100\" data-anim-type=\"fade-in-up\" data-anim-delay=\"0\"><div class=\"tilt\"><img width=\"297\" height=\"297\" class=\"pix-lazy rounded-lg shadow-lg shadow-hover-lg scale-sm d-inline-block\" loading=\"lazy\" data-srcset=\"https:\/\/magnezyumanot.com\/wp-content\/uploads\/2023\/03\/magnezyum-anot-2-1-2.jpg 297w, https:\/\/magnezyumanot.com\/wp-content\/uploads\/2023\/03\/magnezyum-anot-2-1-2-150x150.jpg 150w, https:\/\/magnezyumanot.com\/wp-content\/uploads\/2023\/03\/magnezyum-anot-2-1-2-75x75.jpg 75w\" src=\"https:\/\/magnezyumanot.com\/wp-content\/plugins\/pixfort-core\/functions\/images\/loading.webp\" data-src=\"https:\/\/magnezyumanot.com\/wp-content\/uploads\/2023\/03\/magnezyum-anot-2-1-2.jpg\" alt=\"\" \/><\/div><\/div><\/div><\/div><div class=\"img-el\" ><div class=\"w-100 pix-bounce-sm pix-duration-slow\"><div class=\"animate-in d-inline-block w-100\" data-anim-type=\"fade-in-up\" data-anim-delay=\"100\"><div class=\"tilt\"><img width=\"2000\" height=\"1200\" class=\"pix-lazy rounded-lg shadow-lg shadow-hover-lg scale-sm d-inline-block\" loading=\"lazy\" data-srcset=\"https:\/\/magnezyumanot.com\/wp-content\/uploads\/2023\/03\/isitici-boyler-tank-anotlari-1-300x180.jpg 300w, https:\/\/magnezyumanot.com\/wp-content\/uploads\/2023\/03\/isitici-boyler-tank-anotlari-1-1024x614.jpg 1024w, https:\/\/magnezyumanot.com\/wp-content\/uploads\/2023\/03\/isitici-boyler-tank-anotlari-1-768x461.jpg 768w, https:\/\/magnezyumanot.com\/wp-content\/uploads\/2023\/03\/isitici-boyler-tank-anotlari-1-1536x922.jpg 1536w, https:\/\/magnezyumanot.com\/wp-content\/uploads\/2023\/03\/isitici-boyler-tank-anotlari-1.jpg 2000w\" src=\"https:\/\/magnezyumanot.com\/wp-content\/plugins\/pixfort-core\/functions\/images\/loading.webp\" data-src=\"https:\/\/magnezyumanot.com\/wp-content\/uploads\/2023\/03\/isitici-boyler-tank-anotlari-1.jpg\" alt=\"\" \/><\/div><\/div><\/div><\/div><\/div>[\/vc_column][\/vc_row][\/vc_section]<\/section>","protected":false},"excerpt":{"rendered":"[vc_section full_width=&#8221;stretch_row&#8221; pix_over_visibility=&#8221;&#8221; top_divider_select=&#8221;24&#8243; top_layers=&#8221;2&#8243; t_2_is_gradient=&#8221;true&#8221; t_2_color_2=&#8221;#e9ecef&#8221; t_2_animation=&#8221;fade-in-up&#8221; b_custom_height=&#8221;500px&#8221; t_2_delay=&#8221;300&#8243;][vc_row pix_particles_check=&#8221;&#8221; css=&#8221;.vc_custom_1677979950233{padding-top: 20px !important;}&#8221;][vc_column content_align=&#8221;text-center&#8221;][\/vc_column][\/vc_row][vc_row pix_particles_check=&#8221;&#8221; css=&#8221;.vc_custom_1677980082264{padding-top: 25px !important;padding-bottom: 20px !important;}&#8221;][vc_column css=&#8221;.vc_custom_1580913185779{padding-top: 20px !important;padding-bottom: 20px !important;}&#8221;][\/vc_column][\/vc_row][vc_row equal_height=&#8221;yes&#8221; pix_particles_check=&#8221;&#8221; pix_visibility=&#8221;1&#8243; css=&#8221;.vc_custom_1677981322304{padding-top: 20px !important;padding-bottom: 100px !important;}&#8221;][vc_column width=&#8221;1\/2&#8243;][\/vc_column][vc_column width=&#8221;1\/2&#8243;][\/vc_column][\/vc_row][\/vc_section]","protected":false},"author":1,"featured_media":0,"parent":0,"menu_order":0,"comment_status":"closed","ping_status":"closed","template":"","meta":[],"_links":{"self":[{"href":"https:\/\/magnezyumanot.com\/en\/wp-json\/wp\/v2\/pages\/13973"}],"collection":[{"href":"https:\/\/magnezyumanot.com\/en\/wp-json\/wp\/v2\/pages"}],"about":[{"href":"https:\/\/magnezyumanot.com\/en\/wp-json\/wp\/v2\/types\/page"}],"author":[{"embeddable":true,"href":"https:\/\/magnezyumanot.com\/en\/wp-json\/wp\/v2\/users\/1"}],"replies":[{"embeddable":true,"href":"https:\/\/magnezyumanot.com\/en\/wp-json\/wp\/v2\/comments?post=13973"}],"version-history":[{"count":2,"href":"https:\/\/magnezyumanot.com\/en\/wp-json\/wp\/v2\/pages\/13973\/revisions"}],"predecessor-version":[{"id":13975,"href":"https:\/\/magnezyumanot.com\/en\/wp-json\/wp\/v2\/pages\/13973\/revisions\/13975"}],"wp:attachment":[{"href":"https:\/\/magnezyumanot.com\/en\/wp-json\/wp\/v2\/media?parent=13973"}],"curies":[{"name":"wp","href":"https:\/\/api.w.org\/{rel}","templated":true}]}}