{"id":13961,"date":"2023-03-01T02:29:46","date_gmt":"2023-02-28T23:29:46","guid":{"rendered":"https:\/\/magnezyumanot.com\/about-us\/"},"modified":"2023-03-13T09:59:30","modified_gmt":"2023-03-13T06:59:30","slug":"about-us","status":"publish","type":"page","link":"https:\/\/magnezyumanot.com\/en\/about-us\/","title":{"rendered":"About Us"},"content":{"rendered":"<section class=\"wpb-content-wrapper\">[vc_section full_width=&#8221;stretch_row&#8221; pix_over_visibility=&#8221;&#8221; bottom_divider_select=&#8221;9&#8243; bottom_layers=&#8221;1&#8243; top_divider_select=&#8221;24&#8243; top_layers=&#8221;2&#8243; t_2_is_gradient=&#8221;true&#8221; t_2_color_2=&#8221;#e9ecef&#8221; t_2_animation=&#8221;fade-in-up&#8221; responsive_css=&#8221;{&#8220;pix_res_sm_pt&#8220;:&#8220;20&#8220;,&#8220;pix_res_sm_pb&#8220;:&#8220;20&#8220;,&#8220;pix_res_md_pt&#8220;:&#8220;20&#8220;,&#8220;pix_res_md_pb&#8220;:&#8220;20&#8220;}&#8221; css=&#8221;.vc_custom_1677985611700{padding-top: 50px !important;padding-bottom: 100px !important;}&#8221; t_2_delay=&#8221;300&#8243;][vc_row full_width=&#8221;stretch_row&#8221; pix_particles_check=&#8221;&#8221;][vc_column]<div class=\"pix-element-div w-100 text-center\"><h5 class=\"pix-badge-element d-inline-block mr-1 \"  ><span class=\"badge font-weight-bold badge-pill bg-primary  vc_custom_1678238368407  \" style=\" \"><span class=\"text-white\" style=\"\">About Us<\/span><\/span><\/h5><\/div><div id=\"el1644537426666-c18977b0-a768\" class=\"mb-3 text-center  vc_custom_1677988802874\"><div class=\"d-inline-block\" style=\"max-width:500px;\"><h3 class=\"mb-32 pix-sliding-headline-2 animate-in font-weight-bold secondary-font \" data-anim-type=\"pix-sliding-text\" pix-anim-delay=\"500\" data-class=\"secondary-font text-heading-default\" style=\"\"><span class=\"slide-in-container \"><span class=\"pix-sliding-item secondary-font text-heading-default\" style=\"transition-delay: 0ms;\">Over&#32;<\/span><\/span> <span class=\"slide-in-container \"><span class=\"pix-sliding-item secondary-font text-heading-default\" style=\"transition-delay: 50ms;\">30&#32;<\/span><\/span> <span class=\"slide-in-container \"><span class=\"pix-sliding-item secondary-font text-heading-default\" style=\"transition-delay: 100ms;\">years&#32;<\/span><\/span> <span class=\"slide-in-container \"><span class=\"pix-sliding-item secondary-font text-heading-default\" style=\"transition-delay: 150ms;\">of&#32;<\/span><\/span> <span class=\"slide-in-container \"><span class=\"pix-sliding-item secondary-font text-heading-default\" style=\"transition-delay: 200ms;\">experience&#32;<\/span><\/span> <\/h3><\/div><\/div><div class=\"pix-el-text w-100 text-center \" ><div class=\"d-inline-block\" style=\"max-width:600px;\"><p class=\"text-18  text-body-default text-center \" ><span class=\"text-body-default animate-in d-inline-block\" data-anim-delay=\"200\" data-anim-type=\"fade-in-up\">Since 1989, we have been operating in the production of Magnesium, Aluminum and Zinc (Alute) anodes, especially for cathodic protection.<\/span><\/p><\/div><\/div>[vc_row_inner css=&#8221;.vc_custom_1677819346557{padding-top: 10px !important;padding-bottom: 20px !important;}&#8221;][vc_column_inner width=&#8221;1\/2&#8243; css=&#8221;.vc_custom_1677819646163{padding-top: 130px !important;}&#8221;]<div id=\"el1644537427635-163ad467-7e85\" class=\"mb-3 text-left  vc_custom_1677988820994\"><h3 class=\"mb-32 pix-sliding-headline-2 animate-in font-weight-bold secondary-font \" data-anim-type=\"pix-sliding-text\" pix-anim-delay=\"500\" data-class=\"secondary-font text-heading-default\" style=\"\"><span class=\"slide-in-container \"><span class=\"pix-sliding-item secondary-font text-heading-default\" style=\"transition-delay: 0ms;\">Our&#32;<\/span><\/span> <span class=\"slide-in-container \"><span class=\"pix-sliding-item secondary-font text-heading-default\" style=\"transition-delay: 50ms;\">company,&#32;<\/span><\/span> <span class=\"slide-in-container \"><span class=\"pix-sliding-item secondary-font text-heading-default\" style=\"transition-delay: 100ms;\">which&#32;<\/span><\/span> <span class=\"slide-in-container \"><span class=\"pix-sliding-item secondary-font text-heading-default\" style=\"transition-delay: 150ms;\">has&#32;<\/span><\/span> <span class=\"slide-in-container \"><span class=\"pix-sliding-item secondary-font text-heading-default\" style=\"transition-delay: 200ms;\">been&#32;<\/span><\/span> <span class=\"slide-in-container \"><span class=\"pix-sliding-item secondary-font text-heading-default\" style=\"transition-delay: 250ms;\">a&#32;<\/span><\/span> <span class=\"slide-in-container \"><span class=\"pix-sliding-item secondary-font text-heading-default\" style=\"transition-delay: 300ms;\">leader&#32;<\/span><\/span> <span class=\"slide-in-container \"><span class=\"pix-sliding-item secondary-font text-heading-default\" style=\"transition-delay: 350ms;\">in&#32;<\/span><\/span> <span class=\"slide-in-container \"><span class=\"pix-sliding-item secondary-font text-heading-default\" style=\"transition-delay: 400ms;\">the&#32;<\/span><\/span> <span class=\"slide-in-container \"><span class=\"pix-sliding-item secondary-font text-heading-default\" style=\"transition-delay: 450ms;\">sector&#32;<\/span><\/span> <span class=\"slide-in-container \"><span class=\"pix-sliding-item secondary-font text-heading-default\" style=\"transition-delay: 500ms;\">for&#32;<\/span><\/span> <span class=\"slide-in-container \"><span class=\"pix-sliding-item secondary-font text-heading-default\" style=\"transition-delay: 550ms;\">more&#32;<\/span><\/span> <span class=\"slide-in-container \"><span class=\"pix-sliding-item secondary-font text-heading-default\" style=\"transition-delay: 600ms;\">than&#32;<\/span><\/span> <span class=\"slide-in-container \"><span class=\"pix-sliding-item secondary-font text-heading-default\" style=\"transition-delay: 650ms;\">25&#32;<\/span><\/span> <span class=\"slide-in-container \"><span class=\"pix-sliding-item secondary-font text-heading-default\" style=\"transition-delay: 700ms;\">years&#32;<\/span><\/span> <\/h3><\/div><div class=\"pix-el-text w-100  \" ><p class=\"  text-body-default  \" ><span class=\"text-body-default animate-in d-inline-block\" data-anim-delay=\"900\" data-anim-type=\"fade-in-up\">It has sufficient knowledge and equipment to meet all kinds of customer demands by constantly raising the application experience to a higher level with its R&amp;D studies. YILDIRIM D\u00d6K\u00dcM ve Anot San.Tic.Ltd.\u015eti. has been operating since 1989in the production of Magnesium, Aluminum and Zinc (Sacrifical Anode)anodes,especially for cathodic protection purposes. <\/span><\/p><\/div>[\/vc_column_inner][vc_column_inner width=&#8221;1\/2&#8243;]<div class=\"pix-photo-stack pix-img-2  vc_custom_1678069760527\"><div class=\"img-el\" ><div class=\"w-100 pix-bounce-sm pix-duration-slow\"><div class=\"animate-in d-inline-block w-100\" data-anim-type=\"fade-in-up\" data-anim-delay=\"400\"><div class=\"tilt\"><img width=\"400\" height=\"600\" class=\"pix-lazy rounded-10 shadow-lg shadow-hover-lg scale-sm d-inline-block\" loading=\"lazy\" data-srcset=\"https:\/\/magnezyumanot.com\/wp-content\/uploads\/2023\/03\/fabrika-1-1-2-200x300.jpg 200w, https:\/\/magnezyumanot.com\/wp-content\/uploads\/2023\/03\/fabrika-1-1-2.jpg 400w\" src=\"https:\/\/magnezyumanot.com\/wp-content\/plugins\/pixfort-core\/functions\/images\/loading.webp\" data-src=\"https:\/\/magnezyumanot.com\/wp-content\/uploads\/2023\/03\/fabrika-1-1-2.jpg\" alt=\"\" \/><\/div><\/div><\/div><\/div><div class=\"img-el\" ><div class=\"w-100 pix-bounce-sm pix-duration-slow\"><div class=\"animate-in d-inline-block w-100\" data-anim-type=\"fade-in-up\" data-anim-delay=\"500\"><div class=\"tilt\"><img width=\"700\" height=\"470\" class=\"pix-lazy rounded-10 shadow-lg shadow-hover-lg scale-sm d-inline-block\" loading=\"lazy\" data-srcset=\"https:\/\/magnezyumanot.com\/wp-content\/uploads\/2023\/03\/fabrika-3-2-300x201.jpg 300w, https:\/\/magnezyumanot.com\/wp-content\/uploads\/2023\/03\/fabrika-3-2.jpg 700w\" src=\"https:\/\/magnezyumanot.com\/wp-content\/plugins\/pixfort-core\/functions\/images\/loading.webp\" data-src=\"https:\/\/magnezyumanot.com\/wp-content\/uploads\/2023\/03\/fabrika-3-2.jpg\" alt=\"\" \/><\/div><\/div><\/div><\/div><\/div>[\/vc_column_inner][\/vc_row_inner][\/vc_column][\/vc_row][vc_row equal_height=&#8221;yes&#8221; pix_particles_check=&#8221;&#8221; pix_visibility=&#8221;1&#8243; css=&#8221;.vc_custom_1678372945819{padding-top: 20px !important;padding-bottom: 30px !important;}&#8221;][vc_column]<div class=\"pix-content-box card   sticky-top pix-sticky-top-adjust   vc_custom_1588791497974    rounded-lg bg- w-100  \"   ><div class=\"\" style=\"z-index:30;position:relative;\"><div id=\"el1644628146068-4bde6aa9-c012\" class=\"mb-3 text-left \"><h6 class=\"mb-32 pix-sliding-headline-2 animate-in font-weight-bold secondary-font \" data-anim-type=\"pix-sliding-text\" pix-anim-delay=\"500\" data-class=\"secondary-font text-heading-default\" style=\"\"><span class=\"slide-in-container \"><span class=\"pix-sliding-item secondary-font text-heading-default\" style=\"transition-delay: 0ms;\">We&#32;<\/span><\/span> <span class=\"slide-in-container \"><span class=\"pix-sliding-item secondary-font text-heading-default\" style=\"transition-delay: 50ms;\">are&#32;<\/span><\/span> <span class=\"slide-in-container \"><span class=\"pix-sliding-item secondary-font text-heading-default\" style=\"transition-delay: 100ms;\">casting&#32;<\/span><\/span> <span class=\"slide-in-container \"><span class=\"pix-sliding-item secondary-font text-heading-default\" style=\"transition-delay: 150ms;\">many&#32;<\/span><\/span> <span class=\"slide-in-container \"><span class=\"pix-sliding-item secondary-font text-heading-default\" style=\"transition-delay: 200ms;\">metals,&#32;<\/span><\/span> <span class=\"slide-in-container \"><span class=\"pix-sliding-item secondary-font text-heading-default\" style=\"transition-delay: 250ms;\">especially&#32;<\/span><\/span> <span class=\"slide-in-container \"><span class=\"pix-sliding-item secondary-font text-heading-default\" style=\"transition-delay: 300ms;\">magnesium,&#32;<\/span><\/span> <span class=\"slide-in-container \"><span class=\"pix-sliding-item secondary-font text-heading-default\" style=\"transition-delay: 350ms;\">in&#32;<\/span><\/span> <span class=\"slide-in-container \"><span class=\"pix-sliding-item secondary-font text-heading-default\" style=\"transition-delay: 400ms;\">our&#32;<\/span><\/span> <span class=\"slide-in-container \"><span class=\"pix-sliding-item secondary-font text-heading-default\" style=\"transition-delay: 450ms;\">factory.&#32;<\/span><\/span> <span class=\"slide-in-container \"><span class=\"pix-sliding-item secondary-font text-heading-default\" style=\"transition-delay: 500ms;\">We&#32;<\/span><\/span> <span class=\"slide-in-container \"><span class=\"pix-sliding-item secondary-font text-heading-default\" style=\"transition-delay: 550ms;\">meet&#32;<\/span><\/span> <span class=\"slide-in-container \"><span class=\"pix-sliding-item secondary-font text-heading-default\" style=\"transition-delay: 600ms;\">all&#32;<\/span><\/span> <span class=\"slide-in-container \"><span class=\"pix-sliding-item secondary-font text-heading-default\" style=\"transition-delay: 650ms;\">the&#32;<\/span><\/span> <span class=\"slide-in-container \"><span class=\"pix-sliding-item secondary-font text-heading-default\" style=\"transition-delay: 700ms;\">demands&#32;<\/span><\/span> <span class=\"slide-in-container \"><span class=\"pix-sliding-item secondary-font text-heading-default\" style=\"transition-delay: 750ms;\">of&#32;<\/span><\/span> <span class=\"slide-in-container \"><span class=\"pix-sliding-item secondary-font text-heading-default\" style=\"transition-delay: 800ms;\">our&#32;<\/span><\/span> <span class=\"slide-in-container \"><span class=\"pix-sliding-item secondary-font text-heading-default\" style=\"transition-delay: 850ms;\">customers,&#32;<\/span><\/span> <span class=\"slide-in-container \"><span class=\"pix-sliding-item secondary-font text-heading-default\" style=\"transition-delay: 900ms;\">especially&#32;<\/span><\/span> <span class=\"slide-in-container \"><span class=\"pix-sliding-item secondary-font text-heading-default\" style=\"transition-delay: 950ms;\">in&#32;<\/span><\/span> <span class=\"slide-in-container \"><span class=\"pix-sliding-item secondary-font text-heading-default\" style=\"transition-delay: 1000ms;\">the&#32;<\/span><\/span> <span class=\"slide-in-container \"><span class=\"pix-sliding-item secondary-font text-heading-default\" style=\"transition-delay: 1050ms;\">field&#32;<\/span><\/span> <span class=\"slide-in-container \"><span class=\"pix-sliding-item secondary-font text-heading-default\" style=\"transition-delay: 1100ms;\">of&#32;<\/span><\/span> <span class=\"slide-in-container \"><span class=\"pix-sliding-item secondary-font text-heading-default\" style=\"transition-delay: 1150ms;\">magnesium,&#32;<\/span><\/span> <span class=\"slide-in-container \"><span class=\"pix-sliding-item secondary-font text-heading-default\" style=\"transition-delay: 1200ms;\">with&#32;<\/span><\/span> <span class=\"slide-in-container \"><span class=\"pix-sliding-item secondary-font text-heading-default\" style=\"transition-delay: 1250ms;\">our&#32;<\/span><\/span> <span class=\"slide-in-container \"><span class=\"pix-sliding-item secondary-font text-heading-default\" style=\"transition-delay: 1300ms;\">30&#32;<\/span><\/span> <span class=\"slide-in-container \"><span class=\"pix-sliding-item secondary-font text-heading-default\" style=\"transition-delay: 1350ms;\">years&#32;<\/span><\/span> <span class=\"slide-in-container \"><span class=\"pix-sliding-item secondary-font text-heading-default\" style=\"transition-delay: 1400ms;\">of&#32;<\/span><\/span> <span class=\"slide-in-container \"><span class=\"pix-sliding-item secondary-font text-heading-default\" style=\"transition-delay: 1450ms;\">magnesium&#32;<\/span><\/span> <span class=\"slide-in-container \"><span class=\"pix-sliding-item secondary-font text-heading-default\" style=\"transition-delay: 1500ms;\">casting&#32;<\/span><\/span> <span class=\"slide-in-container \"><span class=\"pix-sliding-item secondary-font text-heading-default\" style=\"transition-delay: 1550ms;\">experience&#32;<\/span><\/span> <span class=\"slide-in-container \"><span class=\"pix-sliding-item secondary-font text-heading-default\" style=\"transition-delay: 1600ms;\">and&#32;<\/span><\/span> <span class=\"slide-in-container \"><span class=\"pix-sliding-item secondary-font text-heading-default\" style=\"transition-delay: 1650ms;\">provide&#32;<\/span><\/span> <span class=\"slide-in-container \"><span class=\"pix-sliding-item secondary-font text-heading-default\" style=\"transition-delay: 1700ms;\">solutions&#32;<\/span><\/span> <span class=\"slide-in-container \"><span class=\"pix-sliding-item secondary-font text-heading-default\" style=\"transition-delay: 1750ms;\">to&#32;<\/span><\/span> <span class=\"slide-in-container \"><span class=\"pix-sliding-item secondary-font text-heading-default\" style=\"transition-delay: 1800ms;\">their&#32;<\/span><\/span> <span class=\"slide-in-container \"><span class=\"pix-sliding-item secondary-font text-heading-default\" style=\"transition-delay: 1850ms;\">new&#32;<\/span><\/span> <span class=\"slide-in-container \"><span class=\"pix-sliding-item secondary-font text-heading-default\" style=\"transition-delay: 1900ms;\">projects.&#32;<\/span><\/span> <\/h6><\/div>[vc_column_text]As a company,in the production of round-type magnesium anode used in water heater, boilers, solar energy systems and filled type magnesium anode used in underground pipe, we meet a significant portion of Turkey\u2019s consumption and foreign demandswith our 500 ton \/ year capacity. YILDIRIM CASTING, which is open to new projects and ideas, has the ability to expand or shape the production line according to your demands.\r\n\r\nAs YILDIRIM CASTING, besides magnesium, we also cast aluminum and zinc. Apart from these, we can perform all desired casting processes in line with the technical capacity of our production line, in line with the request of our customers.\r\n\r\nWe would like to share with you the happiness of being a company that sells Guaranteed products in the sector.\r\nAs a company certified with ISO 9001:2008 quality management system, we are working as focused on quality and we send our TSE certified products to our customers with chemical analysis and quality control reports.\r\n\r\nAs a company, our principle:To bring quality products for intended use to our customers in time by not evaluating cathodic protection and anode production as only a commercial activitybased on order-production process, but also working closely with customer problemsand sharing innovations of our industry.[\/vc_column_text]<\/div><\/div>[\/vc_column][\/vc_row][\/vc_section]<\/section>","protected":false},"excerpt":{"rendered":"[vc_section full_width=&#8221;stretch_row&#8221; pix_over_visibility=&#8221;&#8221; bottom_divider_select=&#8221;9&#8243; bottom_layers=&#8221;1&#8243; top_divider_select=&#8221;24&#8243; top_layers=&#8221;2&#8243; t_2_is_gradient=&#8221;true&#8221; t_2_color_2=&#8221;#e9ecef&#8221; t_2_animation=&#8221;fade-in-up&#8221; responsive_css=&#8221;{&#8220;pix_res_sm_pt&#8220;:&#8220;20&#8220;,&#8220;pix_res_sm_pb&#8220;:&#8220;20&#8220;,&#8220;pix_res_md_pt&#8220;:&#8220;20&#8220;,&#8220;pix_res_md_pb&#8220;:&#8220;20&#8220;}&#8221; css=&#8221;.vc_custom_1677985611700{padding-top: 50px !important;padding-bottom: 100px !important;}&#8221; t_2_delay=&#8221;300&#8243;][vc_row full_width=&#8221;stretch_row&#8221; pix_particles_check=&#8221;&#8221;][vc_column][vc_row_inner css=&#8221;.vc_custom_1677819346557{padding-top: 10px !important;padding-bottom: 20px !important;}&#8221;][vc_column_inner width=&#8221;1\/2&#8243; css=&#8221;.vc_custom_1677819646163{padding-top: 130px !important;}&#8221;][\/vc_column_inner][vc_column_inner width=&#8221;1\/2&#8243;][\/vc_column_inner][\/vc_row_inner][\/vc_column][\/vc_row][vc_row equal_height=&#8221;yes&#8221; pix_particles_check=&#8221;&#8221; pix_visibility=&#8221;1&#8243; css=&#8221;.vc_custom_1678372945819{padding-top: 20px !important;padding-bottom: 30px !important;}&#8221;][vc_column][\/vc_column][\/vc_row][\/vc_section]","protected":false},"author":1,"featured_media":0,"parent":0,"menu_order":0,"comment_status":"closed","ping_status":"open","template":"","meta":[],"_links":{"self":[{"href":"https:\/\/magnezyumanot.com\/en\/wp-json\/wp\/v2\/pages\/13961"}],"collection":[{"href":"https:\/\/magnezyumanot.com\/en\/wp-json\/wp\/v2\/pages"}],"about":[{"href":"https:\/\/magnezyumanot.com\/en\/wp-json\/wp\/v2\/types\/page"}],"author":[{"embeddable":true,"href":"https:\/\/magnezyumanot.com\/en\/wp-json\/wp\/v2\/users\/1"}],"replies":[{"embeddable":true,"href":"https:\/\/magnezyumanot.com\/en\/wp-json\/wp\/v2\/comments?post=13961"}],"version-history":[{"count":2,"href":"https:\/\/magnezyumanot.com\/en\/wp-json\/wp\/v2\/pages\/13961\/revisions"}],"predecessor-version":[{"id":14021,"href":"https:\/\/magnezyumanot.com\/en\/wp-json\/wp\/v2\/pages\/13961\/revisions\/14021"}],"wp:attachment":[{"href":"https:\/\/magnezyumanot.com\/en\/wp-json\/wp\/v2\/media?parent=13961"}],"curies":[{"name":"wp","href":"https:\/\/api.w.org\/{rel}","templated":true}]}}